{"id":813,"date":"2026-03-26T22:57:59","date_gmt":"2026-03-26T21:57:59","guid":{"rendered":"https:\/\/matthiascullmann.de\/?page_id=813"},"modified":"2026-03-26T22:58:00","modified_gmt":"2026-03-26T21:58:00","slug":"impressum","status":"publish","type":"page","link":"https:\/\/matthiascullmann.de\/?page_id=813","title":{"rendered":"Impressum"},"content":{"rendered":"\n<pre class=\"wp-block-code\"><code>Impressum\n\nAngaben gem\u00e4\u00df \u00a7 5 TMG\n\nMatthias Cullmann\nSpeckstra\u00dfe 85\n20355 Hamburg\nDeutschland\n\nKontakt:\nTelefon: 0176-56942864\nE-Mail: info@matthiascullmann.de\n\nBerufsbezeichnung und berufsrechtliche Regelungen:\nBerufsbezeichnung: Systemischer Supervisor (SG zertifiziert)\nVerleihender Staat: Deutschland\nBerufsrechtliche Regelungen: Systemische Gesellschaft e.V.\nhttps:&#47;&#47;www.systemische-gesellschaft.de\/\n\nSteuernummer: 48\/041\/01476\nUmsatzsteuer-Identifikationsnummer gem\u00e4\u00df \u00a7 27 a Umsatzsteuergesetz:\nDE406871557\n\nVerantwortlich f\u00fcr den Inhalt nach \u00a7 55 Abs. 2 RStV:\nMatthias Cullmann\nSpeckstra\u00dfe 85\n20355 Hamburg\nDeutschland\n\nStreitschlichtung:\n\nWir sind nicht bereit oder verpflichtet, an Streitbeilegungsverfahren vor einer Verbraucherschlichtungsstelle teilzunehmen.\n\nHaftung f\u00fcr Inhalte\nAls Diensteanbieter sind wir gem\u00e4\u00df \u00a7 7 Abs.1 TMG f\u00fcr eigene Inhalte auf diesen Seiten nach den allgemeinen Gesetzen verantwortlich. Gem\u00e4\u00df \u00a7\u00a7 8 bis 10 TMG sind wir als Diensteanbieter jedoch nicht verpflichtet, \u00fcbermittelte oder gespeicherte fremde Informationen zu \u00fcberwachen oder nach Umst\u00e4nden zu forschen, die auf eine rechtswidrige T\u00e4tigkeit hinweisen.\n\nHaftung f\u00fcr Links:\nUnser Angebot enth\u00e4lt Links zu externen Websites Dritter, auf deren Inhalte wir keinen Einfluss haben. Deshalb k\u00f6nnen wir f\u00fcr diese fremden Inhalte auch keine Gew\u00e4hr \u00fcbernehmen.\n\nUrheberrecht:\nDie durch die Seitenbetreiber erstellten Inhalte und Werke auf diesen Seiten unterliegen dem deutschen Urheberrecht.\n\nStand: 26.03.2026<\/code><\/pre>\n","protected":false},"excerpt":{"rendered":"","protected":false},"author":1,"featured_media":0,"parent":0,"menu_order":0,"comment_status":"closed","ping_status":"closed","template":"","meta":{"neve_meta_sidebar":"","neve_meta_container":"","neve_meta_enable_content_width":"","neve_meta_content_width":0,"neve_meta_title_alignment":"","neve_meta_author_avatar":"","neve_post_elements_order":"","neve_meta_disable_header":"","neve_meta_disable_footer":"","neve_meta_disable_title":"","footnotes":""},"class_list":["post-813","page","type-page","status-publish","hentry"],"yoast_head":"<!-- This site is optimized with the Yoast SEO plugin v27.6 - https:\/\/yoast.com\/product\/yoast-seo-wordpress\/ -->\n<title>Impressum - Matthias Cullmann<\/title>\n<meta name=\"description\" content=\"Systemische Supervision Hamburg\" \/>\n<meta name=\"robots\" content=\"index, follow, max-snippet:-1, max-image-preview:large, max-video-preview:-1\" \/>\n<link rel=\"canonical\" href=\"https:\/\/matthiascullmann.de\/?page_id=813\" \/>\n<script type=\"application\/ld+json\" class=\"yoast-schema-graph\">{\"@context\":\"https:\\\/\\\/schema.org\",\"@graph\":[{\"@type\":\"WebPage\",\"@id\":\"https:\\\/\\\/matthiascullmann.de\\\/?page_id=813\",\"url\":\"https:\\\/\\\/matthiascullmann.de\\\/?page_id=813\",\"name\":\"Impressum - Matthias Cullmann\",\"isPartOf\":{\"@id\":\"https:\\\/\\\/matthiascullmann.de\\\/#website\"},\"datePublished\":\"2026-03-26T21:57:59+00:00\",\"dateModified\":\"2026-03-26T21:58:00+00:00\",\"description\":\"Systemische Supervision Hamburg\",\"breadcrumb\":{\"@id\":\"https:\\\/\\\/matthiascullmann.de\\\/?page_id=813#breadcrumb\"},\"inLanguage\":\"de\",\"potentialAction\":[{\"@type\":\"ReadAction\",\"target\":[\"https:\\\/\\\/matthiascullmann.de\\\/?page_id=813\"]}]},{\"@type\":\"BreadcrumbList\",\"@id\":\"https:\\\/\\\/matthiascullmann.de\\\/?page_id=813#breadcrumb\",\"itemListElement\":[{\"@type\":\"ListItem\",\"position\":1,\"name\":\"Startseite\",\"item\":\"https:\\\/\\\/matthiascullmann.de\\\/\"},{\"@type\":\"ListItem\",\"position\":2,\"name\":\"Impressum\"}]},{\"@type\":\"WebSite\",\"@id\":\"https:\\\/\\\/matthiascullmann.de\\\/#website\",\"url\":\"https:\\\/\\\/matthiascullmann.de\\\/\",\"name\":\"Matthias Cullmann\",\"description\":\"Systemische Supervision Hamburg\",\"publisher\":{\"@id\":\"https:\\\/\\\/matthiascullmann.de\\\/#\\\/schema\\\/person\\\/e273441960b3d72a059812f5c74ed25a\"},\"potentialAction\":[{\"@type\":\"SearchAction\",\"target\":{\"@type\":\"EntryPoint\",\"urlTemplate\":\"https:\\\/\\\/matthiascullmann.de\\\/?s={search_term_string}\"},\"query-input\":{\"@type\":\"PropertyValueSpecification\",\"valueRequired\":true,\"valueName\":\"search_term_string\"}}],\"inLanguage\":\"de\"},{\"@type\":[\"Person\",\"Organization\"],\"@id\":\"https:\\\/\\\/matthiascullmann.de\\\/#\\\/schema\\\/person\\\/e273441960b3d72a059812f5c74ed25a\",\"name\":\"matthias_t77gvokc\",\"image\":{\"@type\":\"ImageObject\",\"inLanguage\":\"de\",\"@id\":\"https:\\\/\\\/matthiascullmann.de\\\/wp-content\\\/uploads\\\/2022\\\/01\\\/mth23.jpg\",\"url\":\"https:\\\/\\\/matthiascullmann.de\\\/wp-content\\\/uploads\\\/2022\\\/01\\\/mth23.jpg\",\"contentUrl\":\"https:\\\/\\\/matthiascullmann.de\\\/wp-content\\\/uploads\\\/2022\\\/01\\\/mth23.jpg\",\"width\":641,\"height\":468,\"caption\":\"matthias_t77gvokc\"},\"logo\":{\"@id\":\"https:\\\/\\\/matthiascullmann.de\\\/wp-content\\\/uploads\\\/2022\\\/01\\\/mth23.jpg\"}}]}<\/script>\n<!-- \/ Yoast SEO plugin. -->","yoast_head_json":{"title":"Impressum - Matthias Cullmann","description":"Systemische Supervision Hamburg","robots":{"index":"index","follow":"follow","max-snippet":"max-snippet:-1","max-image-preview":"max-image-preview:large","max-video-preview":"max-video-preview:-1"},"canonical":"https:\/\/matthiascullmann.de\/?page_id=813","schema":{"@context":"https:\/\/schema.org","@graph":[{"@type":"WebPage","@id":"https:\/\/matthiascullmann.de\/?page_id=813","url":"https:\/\/matthiascullmann.de\/?page_id=813","name":"Impressum - Matthias Cullmann","isPartOf":{"@id":"https:\/\/matthiascullmann.de\/#website"},"datePublished":"2026-03-26T21:57:59+00:00","dateModified":"2026-03-26T21:58:00+00:00","description":"Systemische Supervision Hamburg","breadcrumb":{"@id":"https:\/\/matthiascullmann.de\/?page_id=813#breadcrumb"},"inLanguage":"de","potentialAction":[{"@type":"ReadAction","target":["https:\/\/matthiascullmann.de\/?page_id=813"]}]},{"@type":"BreadcrumbList","@id":"https:\/\/matthiascullmann.de\/?page_id=813#breadcrumb","itemListElement":[{"@type":"ListItem","position":1,"name":"Startseite","item":"https:\/\/matthiascullmann.de\/"},{"@type":"ListItem","position":2,"name":"Impressum"}]},{"@type":"WebSite","@id":"https:\/\/matthiascullmann.de\/#website","url":"https:\/\/matthiascullmann.de\/","name":"Matthias Cullmann","description":"Systemische Supervision Hamburg","publisher":{"@id":"https:\/\/matthiascullmann.de\/#\/schema\/person\/e273441960b3d72a059812f5c74ed25a"},"potentialAction":[{"@type":"SearchAction","target":{"@type":"EntryPoint","urlTemplate":"https:\/\/matthiascullmann.de\/?s={search_term_string}"},"query-input":{"@type":"PropertyValueSpecification","valueRequired":true,"valueName":"search_term_string"}}],"inLanguage":"de"},{"@type":["Person","Organization"],"@id":"https:\/\/matthiascullmann.de\/#\/schema\/person\/e273441960b3d72a059812f5c74ed25a","name":"matthias_t77gvokc","image":{"@type":"ImageObject","inLanguage":"de","@id":"https:\/\/matthiascullmann.de\/wp-content\/uploads\/2022\/01\/mth23.jpg","url":"https:\/\/matthiascullmann.de\/wp-content\/uploads\/2022\/01\/mth23.jpg","contentUrl":"https:\/\/matthiascullmann.de\/wp-content\/uploads\/2022\/01\/mth23.jpg","width":641,"height":468,"caption":"matthias_t77gvokc"},"logo":{"@id":"https:\/\/matthiascullmann.de\/wp-content\/uploads\/2022\/01\/mth23.jpg"}}]}},"_links":{"self":[{"href":"https:\/\/matthiascullmann.de\/index.php?rest_route=\/wp\/v2\/pages\/813","targetHints":{"allow":["GET"]}}],"collection":[{"href":"https:\/\/matthiascullmann.de\/index.php?rest_route=\/wp\/v2\/pages"}],"about":[{"href":"https:\/\/matthiascullmann.de\/index.php?rest_route=\/wp\/v2\/types\/page"}],"author":[{"embeddable":true,"href":"https:\/\/matthiascullmann.de\/index.php?rest_route=\/wp\/v2\/users\/1"}],"replies":[{"embeddable":true,"href":"https:\/\/matthiascullmann.de\/index.php?rest_route=%2Fwp%2Fv2%2Fcomments&post=813"}],"version-history":[{"count":1,"href":"https:\/\/matthiascullmann.de\/index.php?rest_route=\/wp\/v2\/pages\/813\/revisions"}],"predecessor-version":[{"id":815,"href":"https:\/\/matthiascullmann.de\/index.php?rest_route=\/wp\/v2\/pages\/813\/revisions\/815"}],"wp:attachment":[{"href":"https:\/\/matthiascullmann.de\/index.php?rest_route=%2Fwp%2Fv2%2Fmedia&parent=813"}],"curies":[{"name":"wp","href":"https:\/\/api.w.org\/{rel}","templated":true}]}}