{"id":601,"date":"2026-03-26T22:51:40","date_gmt":"2026-03-26T21:51:40","guid":{"rendered":"http:\/\/matthiascullmann.de\/?page_id=601"},"modified":"2026-03-26T22:51:40","modified_gmt":"2026-03-26T21:51:40","slug":"datenschutzerklaerung","status":"publish","type":"page","link":"https:\/\/matthiascullmann.de\/?page_id=601","title":{"rendered":"Datenschutzerkl\u00e4rung"},"content":{"rendered":"\n<pre class=\"wp-block-code\"><code>Datenschutzerkl\u00e4rung\n\n1. Verantwortlicher\n\nVerantwortlich f\u00fcr die Datenverarbeitung auf dieser Website ist:\n\nMatthias Cullmann\nSpeckstra\u00dfe 85\n20355 Hamburg\nDeutschland\n\nE-Mail: info@matthiascullmann.de\nTelefon: 0176-56942864\n\n2. Datenerfassung auf dieser Website\n\n2.1 Hosting\n\nDiese Website wird gehostet bei Power-Netz.de . Der Hoster verarbeitet Ihre Daten auf unserer Grundlage unserer berechtigten Interessen (Art. 6 Abs. 1 lit. f DSGVO) zur Bereitstellung einer funktionsf\u00e4higen Website.\n\n2.2 Allgemeine Daten und Informationen\n\nBeim Aufruf der Website erfasst unser System automatisch technische Daten, darunter:\n- IP-Adresse\n- Browsertyp und -version\n- Betriebssystem\n- Datum und Uhrzeit des Zugriffs\n- Referrer-URL (von welcher Seite Sie gekommen sind)\n\nDiese Daten werden nicht personenbezogen ausgewertet und dienen ausschlie\u00dflich der Sicherstellung eines st\u00f6rungsfreien Betriebs der Website.\n\n2.3 Kontaktformular und E-Mail-Kontakt\n\nWenn Sie uns per Kontaktformular oder E-Mail Anfragen zukommen lassen, werden Ihre Angaben inklusive der von Ihnen angegebenen Kontaktdaten zwecks Bearbeitung der Anfrage und f\u00fcr den Fall von Anschlussfragen bei uns gespeichert. Diese Daten geben wir nicht ohne Ihre Einwilligung weiter.\n\nDie Verarbeitung dieser Daten erfolgt auf Grundlage von Art. 6 Abs. 1 lit. b DSGVO, sofern Ihre Anfrage mit der Erf\u00fcllung eines Vertrags zusammenh\u00e4ngt oder zur Durchf\u00fchrung vorvertraglicher Ma\u00dfnahmen erforderlich ist. In allen \u00fcbrigen F\u00e4llen beruht die Verarbeitung auf unserem berechtigten Interesse an der effektiven Bearbeitung der an uns gerichteten Anfragen (Art. 6 Abs. 1 lit. f DSGVO) oder auf Ihrer Einwilligung (Art. 6 Abs. 1 lit. a DSGVO).\n\nDie von Ihnen im Kontaktformular eingegebenen Daten verbleiben bei uns, bis Sie uns zur L\u00f6schung auffordern, Ihre Einwilligung zur Speicherung widerrufen oder der Zweck f\u00fcr die Datenspeicherung entf\u00e4llt (z. B. nach abgeschlossener Bearbeitung Ihrer Anfrage). Zwingende gesetzliche Bestimmungen \u2013 insbesondere Aufbewahrungsfristen \u2013 bleiben unber\u00fchrt.\n\n2.4 Telefonkontakt\n\nWenn Sie uns telefonisch kontaktieren, werden Ihre Angaben (insbesondere Telefonnummer und Name) zur Bearbeitung der Anfrage gespeichert. Eine Weitergabe erfolgt nicht ohne Ihre Einwilligung.\n\n3. Cookies\n\nUnsere Website verwendet Cookies. Das sind kleine Textdateien, die Ihr Browser speichert.\n\n- Notwendige Cookies: Erforderlich f\u00fcr den Betrieb der Website (keine Einwilligung n\u00f6tig)\n- Analytische Cookies: Zur Verbesserung der Website (Einwilligung erforderlich)\n\nSie k\u00f6nnen Ihren Browser so einstellen, dass Sie \u00fcber das Setzen von Cookies informiert werden und Cookies nur im Einzelfall erlauben. Eine Deaktivierung bestimmter Cookies kann die Funktionalit\u00e4t dieser Website einschr\u00e4nken.\n\n4. Google Analytics\n\nDiese Website verwendet Google Analytics, einen Webanalysedienst der Google Ireland Limited (\u201eGoogle\"). Google Analytics verwendet sog. \u201eCookies\".\n\nDie durch den Cookie erzeugten Informationen \u00fcber Ihre Benutzung dieser Website werden in der Regel an einen Server von Google in den USA \u00fcbertragen und dort gespeichert.\n\nWir verwenden Google Analytics nur mit Ihrer ausdr\u00fccklichen Einwilligung (Art. 6 Abs. 1 lit. a DSGVO). Sie k\u00f6nnen Ihre Einwilligung jederzeit widerrufen.\n\nWeitere Informationen finden Sie in der Datenschutzerkl\u00e4rung von Google: https:\/\/policies.google.com\/privacy\n\n5. Google Fonts\n\nDiese Seite nutzt zur einheitlichen Darstellung von Schriftarten so genannte Web Fonts, die von Google bereitgestellt werden. Beim Aufruf einer Seite l\u00e4dt Ihr Browser die ben\u00f6tigten Web Fonts in ihren Browsercache.\n\nDie Verbindung zu Google-Servern begr\u00fcndet einen Datenfluss in die USA. Wir verwenden Google Fonts nur mit Ihrer Einwilligung.\n\n6. Rechte der betroffenen Person\n\nSie haben folgende Rechte bez\u00fcglich Ihrer personenbezogenen Daten:\n\n- Recht auf Auskunft (Art. 15 DSGVO)\n- Recht auf Berichtigung (Art. 16 DSGVO)\n- Recht auf L\u00f6schung (Art. 17 DSGVO)\n- Recht auf Einschr\u00e4nkung der Verarbeitung (Art. 18 DSGVO)\n- Recht auf Daten\u00fcbertragbarkeit (Art. 20 DSGVO)\n- Recht auf Widerspruch (Art. 21 DSGVO)\n- Recht auf Beschwerde bei einer Aufsichtsbeh\u00f6rde (Art. 77 DSGVO)\n\n7. Dauer der Speicherung\n\nWir speichern personenbezogene Daten nur so lange, wie es f\u00fcr die Erf\u00fcllung des Zwecks erforderlich ist oder wie es gesetzliche Aufbewahrungsfristen vorsehen.\n\n8. SSL- bzw. TLS-Verschl\u00fcsselung\n\nDiese Seite nutzt aus Sicherheitsgr\u00fcnden eine SSL- bzw. TLS-Verschl\u00fcsselung. Sie erkennen eine verschl\u00fcsselte Verbindung an der Adressezeile Ihres Browsers (https:\/\/) und dem Schloss-Symbol.\n\n9. \u00c4nderungen dieser Datenschutzerkl\u00e4rung\n\nWir behalten uns vor, diese Datenschutzerkl\u00e4rung anzupassen, damit sie stets den aktuellen rechtlichen Anforderungen entspricht oder um \u00c4nderungen unserer Leistungen in der Datenschutzerkl\u00e4rung umzusetzen.\n\nStand: 26.03.2026\n<\/code><\/pre>\n","protected":false},"excerpt":{"rendered":"","protected":false},"author":1,"featured_media":0,"parent":0,"menu_order":0,"comment_status":"closed","ping_status":"closed","template":"","meta":{"neve_meta_sidebar":"","neve_meta_container":"","neve_meta_enable_content_width":"","neve_meta_content_width":0,"neve_meta_title_alignment":"","neve_meta_author_avatar":"","neve_post_elements_order":"","neve_meta_disable_header":"","neve_meta_disable_footer":"","neve_meta_disable_title":"","footnotes":""},"class_list":["post-601","page","type-page","status-publish","hentry"],"yoast_head":"<!-- This site is optimized with the Yoast SEO plugin v27.6 - https:\/\/yoast.com\/product\/yoast-seo-wordpress\/ -->\n<title>Datenschutzerkl\u00e4rung - Matthias Cullmann<\/title>\n<meta name=\"description\" content=\"Systemische Supervision Hamburg\" \/>\n<meta name=\"robots\" content=\"index, follow, max-snippet:-1, max-image-preview:large, max-video-preview:-1\" \/>\n<link rel=\"canonical\" href=\"https:\/\/matthiascullmann.de\/?page_id=601\" \/>\n<script type=\"application\/ld+json\" class=\"yoast-schema-graph\">{\"@context\":\"https:\\\/\\\/schema.org\",\"@graph\":[{\"@type\":\"WebPage\",\"@id\":\"https:\\\/\\\/matthiascullmann.de\\\/?page_id=601\",\"url\":\"https:\\\/\\\/matthiascullmann.de\\\/?page_id=601\",\"name\":\"Datenschutzerkl\u00e4rung - Matthias Cullmann\",\"isPartOf\":{\"@id\":\"https:\\\/\\\/matthiascullmann.de\\\/#website\"},\"datePublished\":\"2026-03-26T21:51:40+00:00\",\"description\":\"Systemische Supervision Hamburg\",\"breadcrumb\":{\"@id\":\"https:\\\/\\\/matthiascullmann.de\\\/?page_id=601#breadcrumb\"},\"inLanguage\":\"de\",\"potentialAction\":[{\"@type\":\"ReadAction\",\"target\":[\"https:\\\/\\\/matthiascullmann.de\\\/?page_id=601\"]}]},{\"@type\":\"BreadcrumbList\",\"@id\":\"https:\\\/\\\/matthiascullmann.de\\\/?page_id=601#breadcrumb\",\"itemListElement\":[{\"@type\":\"ListItem\",\"position\":1,\"name\":\"Startseite\",\"item\":\"https:\\\/\\\/matthiascullmann.de\\\/\"},{\"@type\":\"ListItem\",\"position\":2,\"name\":\"Datenschutzerkl\u00e4rung\"}]},{\"@type\":\"WebSite\",\"@id\":\"https:\\\/\\\/matthiascullmann.de\\\/#website\",\"url\":\"https:\\\/\\\/matthiascullmann.de\\\/\",\"name\":\"Matthias Cullmann\",\"description\":\"Systemische Supervision Hamburg\",\"publisher\":{\"@id\":\"https:\\\/\\\/matthiascullmann.de\\\/#\\\/schema\\\/person\\\/e273441960b3d72a059812f5c74ed25a\"},\"potentialAction\":[{\"@type\":\"SearchAction\",\"target\":{\"@type\":\"EntryPoint\",\"urlTemplate\":\"https:\\\/\\\/matthiascullmann.de\\\/?s={search_term_string}\"},\"query-input\":{\"@type\":\"PropertyValueSpecification\",\"valueRequired\":true,\"valueName\":\"search_term_string\"}}],\"inLanguage\":\"de\"},{\"@type\":[\"Person\",\"Organization\"],\"@id\":\"https:\\\/\\\/matthiascullmann.de\\\/#\\\/schema\\\/person\\\/e273441960b3d72a059812f5c74ed25a\",\"name\":\"matthias_t77gvokc\",\"image\":{\"@type\":\"ImageObject\",\"inLanguage\":\"de\",\"@id\":\"https:\\\/\\\/matthiascullmann.de\\\/wp-content\\\/uploads\\\/2022\\\/01\\\/mth23.jpg\",\"url\":\"https:\\\/\\\/matthiascullmann.de\\\/wp-content\\\/uploads\\\/2022\\\/01\\\/mth23.jpg\",\"contentUrl\":\"https:\\\/\\\/matthiascullmann.de\\\/wp-content\\\/uploads\\\/2022\\\/01\\\/mth23.jpg\",\"width\":641,\"height\":468,\"caption\":\"matthias_t77gvokc\"},\"logo\":{\"@id\":\"https:\\\/\\\/matthiascullmann.de\\\/wp-content\\\/uploads\\\/2022\\\/01\\\/mth23.jpg\"}}]}<\/script>\n<!-- \/ Yoast SEO plugin. -->","yoast_head_json":{"title":"Datenschutzerkl\u00e4rung - Matthias Cullmann","description":"Systemische Supervision Hamburg","robots":{"index":"index","follow":"follow","max-snippet":"max-snippet:-1","max-image-preview":"max-image-preview:large","max-video-preview":"max-video-preview:-1"},"canonical":"https:\/\/matthiascullmann.de\/?page_id=601","schema":{"@context":"https:\/\/schema.org","@graph":[{"@type":"WebPage","@id":"https:\/\/matthiascullmann.de\/?page_id=601","url":"https:\/\/matthiascullmann.de\/?page_id=601","name":"Datenschutzerkl\u00e4rung - Matthias Cullmann","isPartOf":{"@id":"https:\/\/matthiascullmann.de\/#website"},"datePublished":"2026-03-26T21:51:40+00:00","description":"Systemische Supervision Hamburg","breadcrumb":{"@id":"https:\/\/matthiascullmann.de\/?page_id=601#breadcrumb"},"inLanguage":"de","potentialAction":[{"@type":"ReadAction","target":["https:\/\/matthiascullmann.de\/?page_id=601"]}]},{"@type":"BreadcrumbList","@id":"https:\/\/matthiascullmann.de\/?page_id=601#breadcrumb","itemListElement":[{"@type":"ListItem","position":1,"name":"Startseite","item":"https:\/\/matthiascullmann.de\/"},{"@type":"ListItem","position":2,"name":"Datenschutzerkl\u00e4rung"}]},{"@type":"WebSite","@id":"https:\/\/matthiascullmann.de\/#website","url":"https:\/\/matthiascullmann.de\/","name":"Matthias Cullmann","description":"Systemische Supervision Hamburg","publisher":{"@id":"https:\/\/matthiascullmann.de\/#\/schema\/person\/e273441960b3d72a059812f5c74ed25a"},"potentialAction":[{"@type":"SearchAction","target":{"@type":"EntryPoint","urlTemplate":"https:\/\/matthiascullmann.de\/?s={search_term_string}"},"query-input":{"@type":"PropertyValueSpecification","valueRequired":true,"valueName":"search_term_string"}}],"inLanguage":"de"},{"@type":["Person","Organization"],"@id":"https:\/\/matthiascullmann.de\/#\/schema\/person\/e273441960b3d72a059812f5c74ed25a","name":"matthias_t77gvokc","image":{"@type":"ImageObject","inLanguage":"de","@id":"https:\/\/matthiascullmann.de\/wp-content\/uploads\/2022\/01\/mth23.jpg","url":"https:\/\/matthiascullmann.de\/wp-content\/uploads\/2022\/01\/mth23.jpg","contentUrl":"https:\/\/matthiascullmann.de\/wp-content\/uploads\/2022\/01\/mth23.jpg","width":641,"height":468,"caption":"matthias_t77gvokc"},"logo":{"@id":"https:\/\/matthiascullmann.de\/wp-content\/uploads\/2022\/01\/mth23.jpg"}}]}},"_links":{"self":[{"href":"https:\/\/matthiascullmann.de\/index.php?rest_route=\/wp\/v2\/pages\/601","targetHints":{"allow":["GET"]}}],"collection":[{"href":"https:\/\/matthiascullmann.de\/index.php?rest_route=\/wp\/v2\/pages"}],"about":[{"href":"https:\/\/matthiascullmann.de\/index.php?rest_route=\/wp\/v2\/types\/page"}],"author":[{"embeddable":true,"href":"https:\/\/matthiascullmann.de\/index.php?rest_route=\/wp\/v2\/users\/1"}],"replies":[{"embeddable":true,"href":"https:\/\/matthiascullmann.de\/index.php?rest_route=%2Fwp%2Fv2%2Fcomments&post=601"}],"version-history":[{"count":1,"href":"https:\/\/matthiascullmann.de\/index.php?rest_route=\/wp\/v2\/pages\/601\/revisions"}],"predecessor-version":[{"id":814,"href":"https:\/\/matthiascullmann.de\/index.php?rest_route=\/wp\/v2\/pages\/601\/revisions\/814"}],"wp:attachment":[{"href":"https:\/\/matthiascullmann.de\/index.php?rest_route=%2Fwp%2Fv2%2Fmedia&parent=601"}],"curies":[{"name":"wp","href":"https:\/\/api.w.org\/{rel}","templated":true}]}}